{"id":30903,"date":"2025-10-10T13:47:59","date_gmt":"2025-10-10T10:47:59","guid":{"rendered":"https:\/\/notopro.lv\/toode\/dusas-komplekts-plump-melns-noken\/"},"modified":"2026-03-02T15:18:06","modified_gmt":"2026-03-02T13:18:06","slug":"dusas-komplekts-plump-melns-noken","status":"publish","type":"product","link":"https:\/\/notopro.lv\/en\/toode\/dusas-komplekts-plump-melns-noken\/","title":{"rendered":"Du\u0161as komplekts PLUMP, melns, Noken"},"content":{"rendered":"<p>Ieteicamais du\u0161as mais\u012bt\u0101ja uzst\u0101d\u012b\u0161anas augstums no mais\u012bt\u0101ja centra ir 1100\u20131200 mm.<\/p>\n","protected":false},"excerpt":{"rendered":"<p>IEB\u016aV\u0112JAMAIS DU\u0160AS KOMPLEKTS. KOMPLEKT\u0100 IEK\u013bAUTA AUG\u0160\u0112J\u0100 DU\u0160A AR IZM\u0112RIEM 360\u00d7240 MM, ROKAS DU\u0160A AR SIENAS TUR\u0112T\u0100JU UN 1500 MM \u0160\u013b\u016aTENI. PAPILDUS IEK\u013bAUTS SIENAS DU\u0160AS MAIS\u012aT\u0100JS AR DIV\u0100M IZVAD\u0112M UN IE\u00adB\u016aV\u0112JAMO DA\u013bU.<\/p>\n","protected":false},"featured_media":30549,"template":"","meta":{"_acf_changed":false},"product_brand":[],"product_cat":[1034,1041,1042],"product_tag":[],"class_list":{"0":"post-30903","1":"product","2":"type-product","3":"status-publish","4":"has-post-thumbnail","6":"product_cat-sanitary-ware","7":"product_cat-shower-mixers","8":"product_cat-built-in-shower-mixers","10":"first","11":"instock","12":"sale","13":"taxable","14":"shipping-taxable","15":"purchasable","16":"product-type-simple"},"bundled_by":[],"bundle_stock_status":"instock","bundle_stock_quantity":2,"bundle_virtual":false,"bundle_layout":"","bundle_add_to_cart_form_location":"","bundle_editable_in_cart":false,"bundle_sold_individually_context":"","bundle_item_grouping":"","bundle_min_size":"","bundle_max_size":"","bundle_price":[],"bundled_items":[],"bundle_sell_ids":[],"acf":[],"yoast_head":"<!-- This site is optimized with the Yoast SEO plugin v27.0 - https:\/\/yoast.com\/product\/yoast-seo-wordpress\/ -->\n<title>Du\u0161as komplekts PLUMP, melns, Noken - NOTO PRO<\/title>\n<meta name=\"robots\" content=\"index, follow, max-snippet:-1, max-image-preview:large, max-video-preview:-1\" \/>\n<link rel=\"canonical\" href=\"https:\/\/notopro.lv\/en\/toode\/dusas-komplekts-plump-melns-noken\/\" \/>\n<meta property=\"og:locale\" content=\"en_US\" \/>\n<meta property=\"og:type\" content=\"article\" \/>\n<meta property=\"og:title\" content=\"Du\u0161as komplekts PLUMP, melns, Noken - NOTO PRO\" \/>\n<meta property=\"og:description\" content=\"IEB\u016aV\u0112JAMAIS DU\u0160AS KOMPLEKTS. KOMPLEKT\u0100 IEK\u013bAUTA AUG\u0160\u0112J\u0100 DU\u0160A AR IZM\u0112RIEM 360\u00d7240 MM, ROKAS DU\u0160A AR SIENAS TUR\u0112T\u0100JU UN 1500 MM \u0160\u013b\u016aTENI. PAPILDUS IEK\u013bAUTS SIENAS DU\u0160AS MAIS\u012aT\u0100JS AR DIV\u0100M IZVAD\u0112M UN IE\u00adB\u016aV\u0112JAMO DA\u013bU.\" \/>\n<meta property=\"og:url\" content=\"https:\/\/notopro.lv\/en\/toode\/dusas-komplekts-plump-melns-noken\/\" \/>\n<meta property=\"og:site_name\" content=\"NOTO PRO\" \/>\n<meta property=\"article:modified_time\" content=\"2026-03-02T13:18:06+00:00\" \/>\n<meta property=\"og:image\" content=\"https:\/\/notopro.lv\/wp-content\/uploads\/2025\/10\/100367771.jpg\" \/>\n\t<meta property=\"og:image:width\" content=\"1920\" \/>\n\t<meta property=\"og:image:height\" content=\"1920\" \/>\n\t<meta property=\"og:image:type\" content=\"image\/jpeg\" \/>\n<meta name=\"twitter:card\" content=\"summary_large_image\" \/>\n<script type=\"application\/ld+json\" class=\"yoast-schema-graph\">{\"@context\":\"https:\/\/schema.org\",\"@graph\":[{\"@type\":\"WebPage\",\"@id\":\"https:\/\/notopro.lv\/en\/toode\/dusas-komplekts-plump-melns-noken\/\",\"url\":\"https:\/\/notopro.lv\/en\/toode\/dusas-komplekts-plump-melns-noken\/\",\"name\":\"Du\u0161as komplekts PLUMP, melns, Noken - NOTO PRO\",\"isPartOf\":{\"@id\":\"https:\/\/notopro.lv\/en\/#website\"},\"primaryImageOfPage\":{\"@id\":\"https:\/\/notopro.lv\/en\/toode\/dusas-komplekts-plump-melns-noken\/#primaryimage\"},\"image\":{\"@id\":\"https:\/\/notopro.lv\/en\/toode\/dusas-komplekts-plump-melns-noken\/#primaryimage\"},\"thumbnailUrl\":\"https:\/\/notopro.lv\/wp-content\/uploads\/2025\/10\/100367771.jpg\",\"datePublished\":\"2025-10-10T10:47:59+00:00\",\"dateModified\":\"2026-03-02T13:18:06+00:00\",\"breadcrumb\":{\"@id\":\"https:\/\/notopro.lv\/en\/toode\/dusas-komplekts-plump-melns-noken\/#breadcrumb\"},\"inLanguage\":\"en-US\",\"potentialAction\":[{\"@type\":\"ReadAction\",\"target\":[\"https:\/\/notopro.lv\/en\/toode\/dusas-komplekts-plump-melns-noken\/\"]}]},{\"@type\":\"ImageObject\",\"inLanguage\":\"en-US\",\"@id\":\"https:\/\/notopro.lv\/en\/toode\/dusas-komplekts-plump-melns-noken\/#primaryimage\",\"url\":\"https:\/\/notopro.lv\/wp-content\/uploads\/2025\/10\/100367771.jpg\",\"contentUrl\":\"https:\/\/notopro.lv\/wp-content\/uploads\/2025\/10\/100367771.jpg\",\"width\":1920,\"height\":1920},{\"@type\":\"BreadcrumbList\",\"@id\":\"https:\/\/notopro.lv\/en\/toode\/dusas-komplekts-plump-melns-noken\/#breadcrumb\",\"itemListElement\":[{\"@type\":\"ListItem\",\"position\":1,\"name\":\"Home\",\"item\":\"https:\/\/notopro.lv\/en\/\"},{\"@type\":\"ListItem\",\"position\":2,\"name\":\"Shop\",\"item\":\"https:\/\/notopro.lv\/en\/shop\/\"},{\"@type\":\"ListItem\",\"position\":3,\"name\":\"Du\u0161as komplekts PLUMP, melns, Noken\"}]},{\"@type\":\"WebSite\",\"@id\":\"https:\/\/notopro.lv\/en\/#website\",\"url\":\"https:\/\/notopro.lv\/en\/\",\"name\":\"NOTO PRO\",\"description\":\"\",\"potentialAction\":[{\"@type\":\"SearchAction\",\"target\":{\"@type\":\"EntryPoint\",\"urlTemplate\":\"https:\/\/notopro.lv\/en\/?s={search_term_string}\"},\"query-input\":{\"@type\":\"PropertyValueSpecification\",\"valueRequired\":true,\"valueName\":\"search_term_string\"}}],\"inLanguage\":\"en-US\"}]}<\/script>\n<!-- \/ Yoast SEO plugin. -->","yoast_head_json":{"title":"Du\u0161as komplekts PLUMP, melns, Noken - NOTO PRO","robots":{"index":"index","follow":"follow","max-snippet":"max-snippet:-1","max-image-preview":"max-image-preview:large","max-video-preview":"max-video-preview:-1"},"canonical":"https:\/\/notopro.lv\/en\/toode\/dusas-komplekts-plump-melns-noken\/","og_locale":"en_US","og_type":"article","og_title":"Du\u0161as komplekts PLUMP, melns, Noken - NOTO PRO","og_description":"IEB\u016aV\u0112JAMAIS DU\u0160AS KOMPLEKTS. KOMPLEKT\u0100 IEK\u013bAUTA AUG\u0160\u0112J\u0100 DU\u0160A AR IZM\u0112RIEM 360\u00d7240 MM, ROKAS DU\u0160A AR SIENAS TUR\u0112T\u0100JU UN 1500 MM \u0160\u013b\u016aTENI. PAPILDUS IEK\u013bAUTS SIENAS DU\u0160AS MAIS\u012aT\u0100JS AR DIV\u0100M IZVAD\u0112M UN IE\u00adB\u016aV\u0112JAMO DA\u013bU.","og_url":"https:\/\/notopro.lv\/en\/toode\/dusas-komplekts-plump-melns-noken\/","og_site_name":"NOTO PRO","article_modified_time":"2026-03-02T13:18:06+00:00","og_image":[{"width":1920,"height":1920,"url":"https:\/\/notopro.lv\/wp-content\/uploads\/2025\/10\/100367771.jpg","type":"image\/jpeg"}],"twitter_card":"summary_large_image","schema":{"@context":"https:\/\/schema.org","@graph":[{"@type":"WebPage","@id":"https:\/\/notopro.lv\/en\/toode\/dusas-komplekts-plump-melns-noken\/","url":"https:\/\/notopro.lv\/en\/toode\/dusas-komplekts-plump-melns-noken\/","name":"Du\u0161as komplekts PLUMP, melns, Noken - NOTO PRO","isPartOf":{"@id":"https:\/\/notopro.lv\/en\/#website"},"primaryImageOfPage":{"@id":"https:\/\/notopro.lv\/en\/toode\/dusas-komplekts-plump-melns-noken\/#primaryimage"},"image":{"@id":"https:\/\/notopro.lv\/en\/toode\/dusas-komplekts-plump-melns-noken\/#primaryimage"},"thumbnailUrl":"https:\/\/notopro.lv\/wp-content\/uploads\/2025\/10\/100367771.jpg","datePublished":"2025-10-10T10:47:59+00:00","dateModified":"2026-03-02T13:18:06+00:00","breadcrumb":{"@id":"https:\/\/notopro.lv\/en\/toode\/dusas-komplekts-plump-melns-noken\/#breadcrumb"},"inLanguage":"en-US","potentialAction":[{"@type":"ReadAction","target":["https:\/\/notopro.lv\/en\/toode\/dusas-komplekts-plump-melns-noken\/"]}]},{"@type":"ImageObject","inLanguage":"en-US","@id":"https:\/\/notopro.lv\/en\/toode\/dusas-komplekts-plump-melns-noken\/#primaryimage","url":"https:\/\/notopro.lv\/wp-content\/uploads\/2025\/10\/100367771.jpg","contentUrl":"https:\/\/notopro.lv\/wp-content\/uploads\/2025\/10\/100367771.jpg","width":1920,"height":1920},{"@type":"BreadcrumbList","@id":"https:\/\/notopro.lv\/en\/toode\/dusas-komplekts-plump-melns-noken\/#breadcrumb","itemListElement":[{"@type":"ListItem","position":1,"name":"Home","item":"https:\/\/notopro.lv\/en\/"},{"@type":"ListItem","position":2,"name":"Shop","item":"https:\/\/notopro.lv\/en\/shop\/"},{"@type":"ListItem","position":3,"name":"Du\u0161as komplekts PLUMP, melns, Noken"}]},{"@type":"WebSite","@id":"https:\/\/notopro.lv\/en\/#website","url":"https:\/\/notopro.lv\/en\/","name":"NOTO PRO","description":"","potentialAction":[{"@type":"SearchAction","target":{"@type":"EntryPoint","urlTemplate":"https:\/\/notopro.lv\/en\/?s={search_term_string}"},"query-input":{"@type":"PropertyValueSpecification","valueRequired":true,"valueName":"search_term_string"}}],"inLanguage":"en-US"}]}},"_links":{"self":[{"href":"https:\/\/notopro.lv\/en\/wp-json\/wp\/v2\/product\/30903","targetHints":{"allow":["GET"]}}],"collection":[{"href":"https:\/\/notopro.lv\/en\/wp-json\/wp\/v2\/product"}],"about":[{"href":"https:\/\/notopro.lv\/en\/wp-json\/wp\/v2\/types\/product"}],"wp:featuredmedia":[{"embeddable":true,"href":"https:\/\/notopro.lv\/en\/wp-json\/wp\/v2\/media\/30549"}],"wp:attachment":[{"href":"https:\/\/notopro.lv\/en\/wp-json\/wp\/v2\/media?parent=30903"}],"wp:term":[{"taxonomy":"product_brand","embeddable":true,"href":"https:\/\/notopro.lv\/en\/wp-json\/wp\/v2\/product_brand?post=30903"},{"taxonomy":"product_cat","embeddable":true,"href":"https:\/\/notopro.lv\/en\/wp-json\/wp\/v2\/product_cat?post=30903"},{"taxonomy":"product_tag","embeddable":true,"href":"https:\/\/notopro.lv\/en\/wp-json\/wp\/v2\/product_tag?post=30903"}],"curies":[{"name":"wp","href":"https:\/\/api.w.org\/{rel}","templated":true}]}}